{"id":2547,"date":"2023-10-05T12:46:13","date_gmt":"2023-10-05T12:46:13","guid":{"rendered":"https:\/\/foody-product.hu\/?page_id=2547"},"modified":"2023-10-09T18:23:20","modified_gmt":"2023-10-09T18:23:20","slug":"impresszum","status":"publish","type":"page","link":"https:\/\/foody-product.hu\/index.php\/impresszum\/","title":{"rendered":"Impresszum"},"content":{"rendered":"\t\t<div data-elementor-type=\"wp-page\" data-elementor-id=\"2547\" class=\"elementor elementor-2547\">\n\t\t\t\t\t\t<section class=\"elementor-section elementor-top-section elementor-element elementor-element-9af84dd elementor-section-content-middle elementor-section-height-min-height elementor-section-boxed elementor-section-height-default elementor-section-items-middle\" data-id=\"9af84dd\" data-element_type=\"section\" data-settings=\"{&quot;background_background&quot;:&quot;classic&quot;,&quot;shape_divider_bottom&quot;:&quot;waves&quot;}\">\n\t\t\t\t\t\t\t<div class=\"elementor-background-overlay\"><\/div>\n\t\t\t\t\t\t<div class=\"elementor-shape elementor-shape-bottom\" aria-hidden=\"true\" data-negative=\"false\">\n\t\t\t<svg xmlns=\"http:\/\/www.w3.org\/2000\/svg\" viewBox=\"0 0 1000 100\" preserveAspectRatio=\"none\">\n\t<path class=\"elementor-shape-fill\" d=\"M421.9,6.5c22.6-2.5,51.5,0.4,75.5,5.3c23.6,4.9,70.9,23.5,100.5,35.7c75.8,32.2,133.7,44.5,192.6,49.7\n\tc23.6,2.1,48.7,3.5,103.4-2.5c54.7-6,106.2-25.6,106.2-25.6V0H0v30.3c0,0,72,32.6,158.4,30.5c39.2-0.7,92.8-6.7,134-22.4\n\tc21.2-8.1,52.2-18.2,79.7-24.2C399.3,7.9,411.6,7.5,421.9,6.5z\"\/>\n<\/svg>\t\t<\/div>\n\t\t\t\t\t<div class=\"elementor-container elementor-column-gap-default\">\n\t\t\t\t\t<div class=\"elementor-column elementor-col-100 elementor-top-column elementor-element elementor-element-dc59256\" data-id=\"dc59256\" data-element_type=\"column\">\n\t\t\t<div class=\"elementor-widget-wrap elementor-element-populated\">\n\t\t\t\t\t\t<div class=\"elementor-element elementor-element-644ae84 elementor-widget__width-initial elementor-widget-mobile__width-inherit elementor-invisible elementor-widget elementor-widget-heading\" data-id=\"644ae84\" data-element_type=\"widget\" data-settings=\"{&quot;_animation&quot;:&quot;slideInDown&quot;,&quot;_animation_delay&quot;:100}\" data-widget_type=\"heading.default\">\n\t\t\t\t<div class=\"elementor-widget-container\">\n\t\t\t\t\t<h2 class=\"elementor-heading-title elementor-size-default\">IMPRESSZUM<\/h2>\t\t\t\t<\/div>\n\t\t\t\t<\/div>\n\t\t\t\t\t<\/div>\n\t\t<\/div>\n\t\t\t\t\t<\/div>\n\t\t<\/section>\n\t\t<div class=\"elementor-element elementor-element-73c5bda e-flex e-con-boxed elementor-invisible e-con e-parent\" data-id=\"73c5bda\" data-element_type=\"container\" data-settings=\"{&quot;animation&quot;:&quot;zoomIn&quot;}\">\n\t\t\t\t\t<div class=\"e-con-inner\">\n\t\t<div class=\"elementor-element elementor-element-a9e0704 e-con-full e-flex e-con e-child\" data-id=\"a9e0704\" data-element_type=\"container\">\n\t\t\t\t<div class=\"elementor-element elementor-element-6493223 elementor-widget__width-inherit elementor-widget elementor-widget-text-editor\" data-id=\"6493223\" data-element_type=\"widget\" data-widget_type=\"text-editor.default\">\n\t\t\t\t<div class=\"elementor-widget-container\">\n\t\t\t\t\t\t\t\t\t<p><b>\u00dczemeltet\u0151<\/b><br \/>N\u00e9v: Szab\u00f3 Szabina<br \/>Sz\u00e9khely: 6500 Baja, Keleti krt. 17.<br \/>E-mail c\u00edm: info@foody-product.hu<br \/>Weboldal: www.foody-product.hu<br \/>Ad\u00f3azonos\u00edt\u00f3: <em>23744660241<\/em><\/p><p><b>T\u00e1rhely szolg\u00e1ltat\u00f3<\/b><br \/>T\u00e1rhelyszolg\u00e1ltat\u00f3 neve: T\u00e1rhely.Eu Szolg\u00e1ltat\u00f3 Kft.<br \/>T\u00e1rhelyszolg\u00e1ltat\u00f3 sz\u00e9khelye: 1097\u00a0Budapest,\u00a0K\u00f6nyves K\u00e1lm\u00e1n k\u00f6r\u00fat 12-14.<br \/>T\u00e1rhelyszolg\u00e1ltat\u00f3 honlapja: www.tarhely.eu <span style=\"font-size: 18px;\">T\u00e1rhelyszolg\u00e1ltat\u00f3 email c\u00edme: utalas@tarhely.eu<\/span><\/p>\t\t\t\t\t\t\t\t<\/div>\n\t\t\t\t<\/div>\n\t\t\t\t<\/div>\n\t\t\t\t\t<\/div>\n\t\t\t\t<\/div>\n\t\t\t\t<section class=\"elementor-section elementor-top-section elementor-element elementor-element-a0fe7b9 elementor-section-content-top elementor-section-boxed elementor-section-height-default elementor-section-height-default elementor-invisible\" data-id=\"a0fe7b9\" data-element_type=\"section\" data-settings=\"{&quot;background_background&quot;:&quot;classic&quot;,&quot;animation&quot;:&quot;fadeIn&quot;}\">\n\t\t\t\t\t\t\t<div class=\"elementor-background-overlay\"><\/div>\n\t\t\t\t\t\t\t<div class=\"elementor-container elementor-column-gap-default\">\n\t\t\t\t\t<div class=\"elementor-column elementor-col-33 elementor-top-column elementor-element elementor-element-115dc2b\" data-id=\"115dc2b\" data-element_type=\"column\">\n\t\t\t<div class=\"elementor-widget-wrap elementor-element-populated\">\n\t\t\t\t\t\t<div class=\"elementor-element elementor-element-428b3a7 elementor-widget elementor-widget-image\" data-id=\"428b3a7\" data-element_type=\"widget\" data-widget_type=\"image.default\">\n\t\t\t\t<div class=\"elementor-widget-container\">\n\t\t\t\t\t\t\t\t\t\t\t\t\t\t\t<img decoding=\"async\" width=\"300\" height=\"146\" src=\"https:\/\/foody-product.hu\/wp-content\/uploads\/2023\/09\/foodylogo-300x146.png\" class=\"attachment-medium size-medium wp-image-12\" alt=\"Foody Product\" srcset=\"https:\/\/foody-product.hu\/wp-content\/uploads\/2023\/09\/foodylogo-300x146.png 300w, https:\/\/foody-product.hu\/wp-content\/uploads\/2023\/09\/foodylogo.png 500w\" sizes=\"(max-width: 300px) 100vw, 300px\" \/>\t\t\t\t\t\t\t\t\t\t\t\t\t\t\t<\/div>\n\t\t\t\t<\/div>\n\t\t\t\t<div class=\"elementor-element elementor-element-df99491 elementor-widget elementor-widget-heading\" data-id=\"df99491\" data-element_type=\"widget\" data-widget_type=\"heading.default\">\n\t\t\t\t<div class=\"elementor-widget-container\">\n\t\t\t\t\t<h2 class=\"elementor-heading-title elementor-size-default\">KAPCSOLAT<\/h2>\t\t\t\t<\/div>\n\t\t\t\t<\/div>\n\t\t\t\t<div class=\"elementor-element elementor-element-71f3f1d elementor-widget elementor-widget-text-editor\" data-id=\"71f3f1d\" data-element_type=\"widget\" data-widget_type=\"text-editor.default\">\n\t\t\t\t<div class=\"elementor-widget-container\">\n\t\t\t\t\t\t\t\t\t<p>6500 Baja, Keleti krt. 17.<\/p><p>+36 79 520 120<\/p><p>info@foody-product.hu<\/p>\t\t\t\t\t\t\t\t<\/div>\n\t\t\t\t<\/div>\n\t\t\t\t\t<\/div>\n\t\t<\/div>\n\t\t\t\t<div class=\"elementor-column elementor-col-33 elementor-top-column elementor-element elementor-element-58147fe\" data-id=\"58147fe\" data-element_type=\"column\">\n\t\t\t<div class=\"elementor-widget-wrap elementor-element-populated\">\n\t\t\t\t\t\t<div class=\"elementor-element elementor-element-a275fd1 elementor-widget elementor-widget-heading\" data-id=\"a275fd1\" data-element_type=\"widget\" data-widget_type=\"heading.default\">\n\t\t\t\t<div class=\"elementor-widget-container\">\n\t\t\t\t\t<h2 class=\"elementor-heading-title elementor-size-default\">LINKEK<\/h2>\t\t\t\t<\/div>\n\t\t\t\t<\/div>\n\t\t\t\t<div class=\"elementor-element elementor-element-4c1e4f6 elementor-widget elementor-widget-text-editor\" data-id=\"4c1e4f6\" data-element_type=\"widget\" data-widget_type=\"text-editor.default\">\n\t\t\t\t<div class=\"elementor-widget-container\">\n\t\t\t\t\t\t\t\t\t<p><a href=\"https:\/\/foody-product.hu\/\">HU<\/a> | <a href=\"https:\/\/foody-product.hu\/index.php\/en\/main\/\">EN<\/a><\/p><p><a href=\"https:\/\/foody-product.hu\/index.php\/tortenetunk\/\">T\u00d6RT\u00c9NET\u00dcNK<\/a><\/p><p><a href=\"https:\/\/foody-product.hu\/index.php\/termekeink\/\">TERM\u00c9KEINK<\/a><\/p><p><a href=\"https:\/\/foodyshop.hu\/\">WEBSHOP<\/a><\/p><p><a href=\"https:\/\/foody-product.hu\/index.php\/adatkezelesi-tajekoztato\/\">ADATKEZEL\u00c9SI T\u00c1J\u00c9KOZTAT\u00d3<\/a><\/p><p><a href=\"https:\/\/foody-product.hu\/index.php\/aszf\/\">\u00c1SZF<\/a><\/p><p><a href=\"https:\/\/foody-product.hu\/index.php\/impresszum\/\">IMPRESSZUM<\/a><\/p>\t\t\t\t\t\t\t\t<\/div>\n\t\t\t\t<\/div>\n\t\t\t\t\t<\/div>\n\t\t<\/div>\n\t\t\t\t<div class=\"elementor-column elementor-col-33 elementor-top-column elementor-element elementor-element-b5a20cb\" data-id=\"b5a20cb\" data-element_type=\"column\">\n\t\t\t<div class=\"elementor-widget-wrap elementor-element-populated\">\n\t\t\t\t\t\t<div class=\"elementor-element elementor-element-1740cdd elementor-widget elementor-widget-heading\" data-id=\"1740cdd\" data-element_type=\"widget\" data-widget_type=\"heading.default\">\n\t\t\t\t<div class=\"elementor-widget-container\">\n\t\t\t\t\t<h2 class=\"elementor-heading-title elementor-size-default\">K\u00d6VESS MINKET!<\/h2>\t\t\t\t<\/div>\n\t\t\t\t<\/div>\n\t\t\t\t<div class=\"elementor-element elementor-element-21aaf50 e-grid-align-mobile-center elementor-shape-rounded elementor-grid-0 elementor-widget elementor-widget-social-icons\" data-id=\"21aaf50\" data-element_type=\"widget\" data-widget_type=\"social-icons.default\">\n\t\t\t\t<div class=\"elementor-widget-container\">\n\t\t\t\t\t\t\t<div class=\"elementor-social-icons-wrapper elementor-grid\" role=\"list\">\n\t\t\t\t\t\t\t<span class=\"elementor-grid-item\" role=\"listitem\">\n\t\t\t\t\t<a class=\"elementor-icon elementor-social-icon elementor-social-icon-facebook elementor-animation-float elementor-repeater-item-b0a5f71\" href=\"https:\/\/www.facebook.com\/foodyproduct\" target=\"_blank\">\n\t\t\t\t\t\t<span class=\"elementor-screen-only\">Facebook<\/span>\n\t\t\t\t\t\t<i class=\"fab fa-facebook\"><\/i>\t\t\t\t\t<\/a>\n\t\t\t\t<\/span>\n\t\t\t\t\t\t\t<span class=\"elementor-grid-item\" role=\"listitem\">\n\t\t\t\t\t<a class=\"elementor-icon elementor-social-icon elementor-social-icon-instagram elementor-animation-float elementor-repeater-item-b39c128\" href=\"https:\/\/www.instagram.com\/foodyproductkft\/\" target=\"_blank\">\n\t\t\t\t\t\t<span class=\"elementor-screen-only\">Instagram<\/span>\n\t\t\t\t\t\t<i class=\"fab fa-instagram\"><\/i>\t\t\t\t\t<\/a>\n\t\t\t\t<\/span>\n\t\t\t\t\t\t\t<span class=\"elementor-grid-item\" role=\"listitem\">\n\t\t\t\t\t<a class=\"elementor-icon elementor-social-icon elementor-social-icon-youtube elementor-animation-float elementor-repeater-item-0dfe5b8\" href=\"https:\/\/www.youtube.com\/channel\/UCfKFMtPPjy9Sr33yc_1zFfw\" target=\"_blank\">\n\t\t\t\t\t\t<span class=\"elementor-screen-only\">Youtube<\/span>\n\t\t\t\t\t\t<i class=\"fab fa-youtube\"><\/i>\t\t\t\t\t<\/a>\n\t\t\t\t<\/span>\n\t\t\t\t\t\t\t<span class=\"elementor-grid-item\" role=\"listitem\">\n\t\t\t\t\t<a class=\"elementor-icon elementor-social-icon elementor-social-icon-tiktok elementor-animation-float elementor-repeater-item-ca58a4b\" href=\"https:\/\/www.tiktok.com\/@foodyproduct\" target=\"_blank\">\n\t\t\t\t\t\t<span class=\"elementor-screen-only\">Tiktok<\/span>\n\t\t\t\t\t\t<i class=\"fab fa-tiktok\"><\/i>\t\t\t\t\t<\/a>\n\t\t\t\t<\/span>\n\t\t\t\t\t\t\t<span class=\"elementor-grid-item\" role=\"listitem\">\n\t\t\t\t\t<a class=\"elementor-icon elementor-social-icon elementor-social-icon-linkedin elementor-animation-float elementor-repeater-item-2a9bde5\" href=\"https:\/\/www.linkedin.com\/in\/nagygell%C3%A9r-attila-747862137\/\" target=\"_blank\">\n\t\t\t\t\t\t<span class=\"elementor-screen-only\">Linkedin<\/span>\n\t\t\t\t\t\t<i class=\"fab fa-linkedin\"><\/i>\t\t\t\t\t<\/a>\n\t\t\t\t<\/span>\n\t\t\t\t\t<\/div>\n\t\t\t\t\t\t<\/div>\n\t\t\t\t<\/div>\n\t\t\t\t<div class=\"elementor-element elementor-element-8102436 elementor-widget__width-initial e-transform elementor-widget elementor-widget-image\" data-id=\"8102436\" data-element_type=\"widget\" data-settings=\"{&quot;_transform_rotateZ_effect&quot;:{&quot;unit&quot;:&quot;px&quot;,&quot;size&quot;:-21,&quot;sizes&quot;:[]},&quot;_transform_rotateZ_effect_tablet&quot;:{&quot;unit&quot;:&quot;deg&quot;,&quot;size&quot;:&quot;&quot;,&quot;sizes&quot;:[]},&quot;_transform_rotateZ_effect_mobile&quot;:{&quot;unit&quot;:&quot;deg&quot;,&quot;size&quot;:&quot;&quot;,&quot;sizes&quot;:[]}}\" data-widget_type=\"image.default\">\n\t\t\t\t<div class=\"elementor-widget-container\">\n\t\t\t\t\t\t\t\t\t\t\t\t\t\t\t<img fetchpriority=\"high\" decoding=\"async\" width=\"326\" height=\"325\" src=\"https:\/\/foody-product.hu\/wp-content\/uploads\/2023\/09\/image-1.png\" class=\"attachment-large size-large wp-image-1035\" alt=\"\" srcset=\"https:\/\/foody-product.hu\/wp-content\/uploads\/2023\/09\/image-1.png 326w, https:\/\/foody-product.hu\/wp-content\/uploads\/2023\/09\/image-1-300x300.png 300w, https:\/\/foody-product.hu\/wp-content\/uploads\/2023\/09\/image-1-150x150.png 150w\" sizes=\"(max-width: 326px) 100vw, 326px\" \/>\t\t\t\t\t\t\t\t\t\t\t\t\t\t\t<\/div>\n\t\t\t\t<\/div>\n\t\t\t\t<div class=\"elementor-element elementor-element-de4eacf elementor-widget__width-initial e-transform elementor-widget elementor-widget-image\" data-id=\"de4eacf\" data-element_type=\"widget\" data-settings=\"{&quot;_transform_rotateZ_effect&quot;:{&quot;unit&quot;:&quot;px&quot;,&quot;size&quot;:40,&quot;sizes&quot;:[]},&quot;_transform_rotateZ_effect_tablet&quot;:{&quot;unit&quot;:&quot;deg&quot;,&quot;size&quot;:&quot;&quot;,&quot;sizes&quot;:[]},&quot;_transform_rotateZ_effect_mobile&quot;:{&quot;unit&quot;:&quot;deg&quot;,&quot;size&quot;:&quot;&quot;,&quot;sizes&quot;:[]}}\" data-widget_type=\"image.default\">\n\t\t\t\t<div class=\"elementor-widget-container\">\n\t\t\t\t\t\t\t\t\t\t\t\t\t\t\t<img decoding=\"async\" width=\"452\" height=\"448\" src=\"https:\/\/foody-product.hu\/wp-content\/uploads\/2023\/09\/image.png\" class=\"attachment-large size-large wp-image-1036\" alt=\"\" srcset=\"https:\/\/foody-product.hu\/wp-content\/uploads\/2023\/09\/image.png 452w, https:\/\/foody-product.hu\/wp-content\/uploads\/2023\/09\/image-300x297.png 300w, https:\/\/foody-product.hu\/wp-content\/uploads\/2023\/09\/image-150x150.png 150w\" sizes=\"(max-width: 452px) 100vw, 452px\" \/>\t\t\t\t\t\t\t\t\t\t\t\t\t\t\t<\/div>\n\t\t\t\t<\/div>\n\t\t\t\t\t<\/div>\n\t\t<\/div>\n\t\t\t\t\t<\/div>\n\t\t<\/section>\n\t\t\t\t<section class=\"elementor-section elementor-top-section elementor-element elementor-element-1eff8d15 elementor-section-boxed elementor-section-height-default elementor-section-height-default\" data-id=\"1eff8d15\" data-element_type=\"section\" data-settings=\"{&quot;background_background&quot;:&quot;classic&quot;}\">\n\t\t\t\t\t\t<div class=\"elementor-container elementor-column-gap-default\">\n\t\t\t\t\t<div class=\"elementor-column elementor-col-100 elementor-top-column elementor-element elementor-element-7e631d0a\" data-id=\"7e631d0a\" data-element_type=\"column\">\n\t\t\t<div class=\"elementor-widget-wrap elementor-element-populated\">\n\t\t\t\t\t\t<section class=\"elementor-section elementor-inner-section elementor-element elementor-element-cf5c4ba elementor-section-boxed elementor-section-height-default elementor-section-height-default\" data-id=\"cf5c4ba\" data-element_type=\"section\">\n\t\t\t\t\t\t<div class=\"elementor-container elementor-column-gap-no\">\n\t\t\t\t\t<div class=\"elementor-column elementor-col-100 elementor-inner-column elementor-element elementor-element-12012895\" data-id=\"12012895\" data-element_type=\"column\">\n\t\t\t<div class=\"elementor-widget-wrap elementor-element-populated\">\n\t\t\t\t\t\t<div class=\"elementor-element elementor-element-1ecbe6d4 elementor-widget elementor-widget-text-editor\" data-id=\"1ecbe6d4\" data-element_type=\"widget\" data-widget_type=\"text-editor.default\">\n\t\t\t\t<div class=\"elementor-widget-container\">\n\t\t\t\t\t\t\t\t\t<p>\u00a9 2023 Foody Product Kft.<\/p>\t\t\t\t\t\t\t\t<\/div>\n\t\t\t\t<\/div>\n\t\t\t\t\t<\/div>\n\t\t<\/div>\n\t\t\t\t\t<\/div>\n\t\t<\/section>\n\t\t\t\t\t<\/div>\n\t\t<\/div>\n\t\t\t\t\t<\/div>\n\t\t<\/section>\n\t\t\t\t<\/div>\n\t\t","protected":false},"excerpt":{"rendered":"<p>IMPRESSZUM \u00dczemeltet\u0151N\u00e9v: Szab\u00f3 SzabinaSz\u00e9khely: 6500 Baja, Keleti krt. 17.E-mail c\u00edm: info@foody-product.huWeboldal: www.foody-product.huAd\u00f3azonos\u00edt\u00f3: 23744660241 T\u00e1rhely szolg\u00e1ltat\u00f3T\u00e1rhelyszolg\u00e1ltat\u00f3 neve: T\u00e1rhely.Eu Szolg\u00e1ltat\u00f3 Kft.T\u00e1rhelyszolg\u00e1ltat\u00f3 sz\u00e9khelye: 1097\u00a0Budapest,\u00a0K\u00f6nyves K\u00e1lm\u00e1n k\u00f6r\u00fat 12-14.T\u00e1rhelyszolg\u00e1ltat\u00f3 honlapja: www.tarhely.eu T\u00e1rhelyszolg\u00e1ltat\u00f3 email c\u00edme: utalas@tarhely.eu KAPCSOLAT 6500 Baja, Keleti krt. 17. +36 79 520 120 info@foody-product.hu LINKEK HU | EN T\u00d6RT\u00c9NET\u00dcNK TERM\u00c9KEINK WEBSHOP ADATKEZEL\u00c9SI T\u00c1J\u00c9KOZTAT\u00d3 \u00c1SZF IMPRESSZUM K\u00d6VESS MINKET! Facebook [&hellip;]<\/p>\n","protected":false},"author":1,"featured_media":0,"parent":0,"menu_order":0,"comment_status":"closed","ping_status":"closed","template":"","meta":{"footnotes":""},"class_list":["post-2547","page","type-page","status-publish","hentry","entry"],"yoast_head":"<!-- This site is optimized with the Yoast SEO plugin v21.3 - https:\/\/yoast.com\/wordpress\/plugins\/seo\/ -->\n<title>Impresszum - Foody Product - Egy j\u00f3 nap \u00edze<\/title>\n<meta name=\"robots\" content=\"index, follow, max-snippet:-1, max-image-preview:large, max-video-preview:-1\" \/>\n<link rel=\"canonical\" href=\"https:\/\/foody-product.hu\/index.php\/impresszum\/\" \/>\n<meta property=\"og:locale\" content=\"hu_HU\" \/>\n<meta property=\"og:type\" content=\"article\" \/>\n<meta property=\"og:title\" content=\"Impresszum - Foody Product - Egy j\u00f3 nap \u00edze\" \/>\n<meta property=\"og:description\" content=\"IMPRESSZUM \u00dczemeltet\u0151N\u00e9v: Szab\u00f3 SzabinaSz\u00e9khely: 6500 Baja, Keleti krt. 17.E-mail c\u00edm: info@foody-product.huWeboldal: www.foody-product.huAd\u00f3azonos\u00edt\u00f3: 23744660241 T\u00e1rhely szolg\u00e1ltat\u00f3T\u00e1rhelyszolg\u00e1ltat\u00f3 neve: T\u00e1rhely.Eu Szolg\u00e1ltat\u00f3 Kft.T\u00e1rhelyszolg\u00e1ltat\u00f3 sz\u00e9khelye: 1097\u00a0Budapest,\u00a0K\u00f6nyves K\u00e1lm\u00e1n k\u00f6r\u00fat 12-14.T\u00e1rhelyszolg\u00e1ltat\u00f3 honlapja: www.tarhely.eu T\u00e1rhelyszolg\u00e1ltat\u00f3 email c\u00edme: utalas@tarhely.eu KAPCSOLAT 6500 Baja, Keleti krt. 17. +36 79 520 120 info@foody-product.hu LINKEK HU | EN T\u00d6RT\u00c9NET\u00dcNK TERM\u00c9KEINK WEBSHOP ADATKEZEL\u00c9SI T\u00c1J\u00c9KOZTAT\u00d3 \u00c1SZF IMPRESSZUM K\u00d6VESS MINKET! Facebook [&hellip;]\" \/>\n<meta property=\"og:url\" content=\"https:\/\/foody-product.hu\/index.php\/impresszum\/\" \/>\n<meta property=\"og:site_name\" content=\"Foody Product - Egy j\u00f3 nap \u00edze\" \/>\n<meta property=\"article:modified_time\" content=\"2023-10-09T18:23:20+00:00\" \/>\n<meta property=\"og:image\" content=\"https:\/\/foody-product.hu\/wp-content\/uploads\/2023\/09\/foodylogo-300x146.png\" \/>\n<meta name=\"twitter:card\" content=\"summary_large_image\" \/>\n<meta name=\"twitter:label1\" content=\"Becs\u00fclt olvas\u00e1si id\u0151\" \/>\n\t<meta name=\"twitter:data1\" content=\"2 perc\" \/>\n<script type=\"application\/ld+json\" class=\"yoast-schema-graph\">{\"@context\":\"https:\/\/schema.org\",\"@graph\":[{\"@type\":\"WebPage\",\"@id\":\"https:\/\/foody-product.hu\/index.php\/impresszum\/\",\"url\":\"https:\/\/foody-product.hu\/index.php\/impresszum\/\",\"name\":\"Impresszum - Foody Product - Egy j\u00f3 nap \u00edze\",\"isPartOf\":{\"@id\":\"https:\/\/foody-product.hu\/#website\"},\"datePublished\":\"2023-10-05T12:46:13+00:00\",\"dateModified\":\"2023-10-09T18:23:20+00:00\",\"breadcrumb\":{\"@id\":\"https:\/\/foody-product.hu\/index.php\/impresszum\/#breadcrumb\"},\"inLanguage\":\"hu\",\"potentialAction\":[{\"@type\":\"ReadAction\",\"target\":[\"https:\/\/foody-product.hu\/index.php\/impresszum\/\"]}]},{\"@type\":\"BreadcrumbList\",\"@id\":\"https:\/\/foody-product.hu\/index.php\/impresszum\/#breadcrumb\",\"itemListElement\":[{\"@type\":\"ListItem\",\"position\":1,\"name\":\"Kezd\u0151lap\",\"item\":\"https:\/\/foody-product.hu\/\"},{\"@type\":\"ListItem\",\"position\":2,\"name\":\"Impresszum\"}]},{\"@type\":\"WebSite\",\"@id\":\"https:\/\/foody-product.hu\/#website\",\"url\":\"https:\/\/foody-product.hu\/\",\"name\":\"Foody Product - Egy j\u00f3 nap \u00edze\",\"description\":\"\",\"publisher\":{\"@id\":\"https:\/\/foody-product.hu\/#organization\"},\"potentialAction\":[{\"@type\":\"SearchAction\",\"target\":{\"@type\":\"EntryPoint\",\"urlTemplate\":\"https:\/\/foody-product.hu\/?s={search_term_string}\"},\"query-input\":\"required name=search_term_string\"}],\"inLanguage\":\"hu\"},{\"@type\":\"Organization\",\"@id\":\"https:\/\/foody-product.hu\/#organization\",\"name\":\"Foody Product - Egy j\u00f3 nap \u00edze\",\"url\":\"https:\/\/foody-product.hu\/\",\"logo\":{\"@type\":\"ImageObject\",\"inLanguage\":\"hu\",\"@id\":\"https:\/\/foody-product.hu\/#\/schema\/logo\/image\/\",\"url\":\"https:\/\/foody-product.hu\/wp-content\/uploads\/2023\/09\/cropped-foodylogo-1.png\",\"contentUrl\":\"https:\/\/foody-product.hu\/wp-content\/uploads\/2023\/09\/cropped-foodylogo-1.png\",\"width\":500,\"height\":241,\"caption\":\"Foody Product - Egy j\u00f3 nap \u00edze\"},\"image\":{\"@id\":\"https:\/\/foody-product.hu\/#\/schema\/logo\/image\/\"}}]}<\/script>\n<!-- \/ Yoast SEO plugin. -->","yoast_head_json":{"title":"Impresszum - Foody Product - Egy j\u00f3 nap \u00edze","robots":{"index":"index","follow":"follow","max-snippet":"max-snippet:-1","max-image-preview":"max-image-preview:large","max-video-preview":"max-video-preview:-1"},"canonical":"https:\/\/foody-product.hu\/index.php\/impresszum\/","og_locale":"hu_HU","og_type":"article","og_title":"Impresszum - Foody Product - Egy j\u00f3 nap \u00edze","og_description":"IMPRESSZUM \u00dczemeltet\u0151N\u00e9v: Szab\u00f3 SzabinaSz\u00e9khely: 6500 Baja, Keleti krt. 17.E-mail c\u00edm: info@foody-product.huWeboldal: www.foody-product.huAd\u00f3azonos\u00edt\u00f3: 23744660241 T\u00e1rhely szolg\u00e1ltat\u00f3T\u00e1rhelyszolg\u00e1ltat\u00f3 neve: T\u00e1rhely.Eu Szolg\u00e1ltat\u00f3 Kft.T\u00e1rhelyszolg\u00e1ltat\u00f3 sz\u00e9khelye: 1097\u00a0Budapest,\u00a0K\u00f6nyves K\u00e1lm\u00e1n k\u00f6r\u00fat 12-14.T\u00e1rhelyszolg\u00e1ltat\u00f3 honlapja: www.tarhely.eu T\u00e1rhelyszolg\u00e1ltat\u00f3 email c\u00edme: utalas@tarhely.eu KAPCSOLAT 6500 Baja, Keleti krt. 17. +36 79 520 120 info@foody-product.hu LINKEK HU | EN T\u00d6RT\u00c9NET\u00dcNK TERM\u00c9KEINK WEBSHOP ADATKEZEL\u00c9SI T\u00c1J\u00c9KOZTAT\u00d3 \u00c1SZF IMPRESSZUM K\u00d6VESS MINKET! Facebook [&hellip;]","og_url":"https:\/\/foody-product.hu\/index.php\/impresszum\/","og_site_name":"Foody Product - Egy j\u00f3 nap \u00edze","article_modified_time":"2023-10-09T18:23:20+00:00","og_image":[{"url":"https:\/\/foody-product.hu\/wp-content\/uploads\/2023\/09\/foodylogo-300x146.png"}],"twitter_card":"summary_large_image","twitter_misc":{"Becs\u00fclt olvas\u00e1si id\u0151":"2 perc"},"schema":{"@context":"https:\/\/schema.org","@graph":[{"@type":"WebPage","@id":"https:\/\/foody-product.hu\/index.php\/impresszum\/","url":"https:\/\/foody-product.hu\/index.php\/impresszum\/","name":"Impresszum - Foody Product - Egy j\u00f3 nap \u00edze","isPartOf":{"@id":"https:\/\/foody-product.hu\/#website"},"datePublished":"2023-10-05T12:46:13+00:00","dateModified":"2023-10-09T18:23:20+00:00","breadcrumb":{"@id":"https:\/\/foody-product.hu\/index.php\/impresszum\/#breadcrumb"},"inLanguage":"hu","potentialAction":[{"@type":"ReadAction","target":["https:\/\/foody-product.hu\/index.php\/impresszum\/"]}]},{"@type":"BreadcrumbList","@id":"https:\/\/foody-product.hu\/index.php\/impresszum\/#breadcrumb","itemListElement":[{"@type":"ListItem","position":1,"name":"Kezd\u0151lap","item":"https:\/\/foody-product.hu\/"},{"@type":"ListItem","position":2,"name":"Impresszum"}]},{"@type":"WebSite","@id":"https:\/\/foody-product.hu\/#website","url":"https:\/\/foody-product.hu\/","name":"Foody Product - Egy j\u00f3 nap \u00edze","description":"","publisher":{"@id":"https:\/\/foody-product.hu\/#organization"},"potentialAction":[{"@type":"SearchAction","target":{"@type":"EntryPoint","urlTemplate":"https:\/\/foody-product.hu\/?s={search_term_string}"},"query-input":"required name=search_term_string"}],"inLanguage":"hu"},{"@type":"Organization","@id":"https:\/\/foody-product.hu\/#organization","name":"Foody Product - Egy j\u00f3 nap \u00edze","url":"https:\/\/foody-product.hu\/","logo":{"@type":"ImageObject","inLanguage":"hu","@id":"https:\/\/foody-product.hu\/#\/schema\/logo\/image\/","url":"https:\/\/foody-product.hu\/wp-content\/uploads\/2023\/09\/cropped-foodylogo-1.png","contentUrl":"https:\/\/foody-product.hu\/wp-content\/uploads\/2023\/09\/cropped-foodylogo-1.png","width":500,"height":241,"caption":"Foody Product - Egy j\u00f3 nap \u00edze"},"image":{"@id":"https:\/\/foody-product.hu\/#\/schema\/logo\/image\/"}}]}},"_links":{"self":[{"href":"https:\/\/foody-product.hu\/index.php\/wp-json\/wp\/v2\/pages\/2547","targetHints":{"allow":["GET"]}}],"collection":[{"href":"https:\/\/foody-product.hu\/index.php\/wp-json\/wp\/v2\/pages"}],"about":[{"href":"https:\/\/foody-product.hu\/index.php\/wp-json\/wp\/v2\/types\/page"}],"author":[{"embeddable":true,"href":"https:\/\/foody-product.hu\/index.php\/wp-json\/wp\/v2\/users\/1"}],"replies":[{"embeddable":true,"href":"https:\/\/foody-product.hu\/index.php\/wp-json\/wp\/v2\/comments?post=2547"}],"version-history":[{"count":28,"href":"https:\/\/foody-product.hu\/index.php\/wp-json\/wp\/v2\/pages\/2547\/revisions"}],"predecessor-version":[{"id":3516,"href":"https:\/\/foody-product.hu\/index.php\/wp-json\/wp\/v2\/pages\/2547\/revisions\/3516"}],"wp:attachment":[{"href":"https:\/\/foody-product.hu\/index.php\/wp-json\/wp\/v2\/media?parent=2547"}],"curies":[{"name":"wp","href":"https:\/\/api.w.org\/{rel}","templated":true}]}}